{"id":202,"date":"2023-11-29T19:07:25","date_gmt":"2023-11-29T18:07:25","guid":{"rendered":"https:\/\/lacappella.com.ar\/?page_id=202"},"modified":"2023-11-29T19:14:05","modified_gmt":"2023-11-29T18:14:05","slug":"como-llegar","status":"publish","type":"page","link":"https:\/\/lacappella.com.ar\/index.php\/como-llegar\/","title":{"rendered":"Como llegar"},"content":{"rendered":"\n<p>Saliendo de la Ciudad de Mar del Plata, por Av. Pedro Luro, que luego se convierte en la Ruta 226, en el kil\u00f3metro 16 se accede a la rotonda que da acceso a la Sierra de los Padres. Por Calle Varetto se llega hasta el arco de ingreso al barrio. Luego de all\u00ed hay diversos caminos posibles, pero lo mas conveniente es doblar hacia la izquierda en Calle Arturo hasta Bruno, donde ver\u00e1n la plaza a mano derecha. Luego se continua por Bruno hasta Carlos, y por \u00faltimo tomamos Carlos hasta Eva, donde veremos a nuestra derecha la Parroquia, y desde all\u00ed se continua por Eva hasta Noemi.<\/p>\n\n\n\n<p class=\"has-text-align-center\"><br><a href=\"https:\/\/maps.app.goo.gl\/QSQUqnwcTrRNvwGS6\">https:\/\/maps.app.goo.gl\/QSQUqnwcTrRNvwGS6<\/a><br><br><\/p>\n\n\n<div class=\"wp-block-image\">\n<figure class=\"aligncenter size-large\"><img loading=\"lazy\" decoding=\"async\" width=\"1024\" height=\"576\" src=\"https:\/\/lacappella.com.ar\/wp-content\/uploads\/2023\/11\/mapa-1024x576.jpg\" alt=\"\" class=\"wp-image-203\" srcset=\"https:\/\/lacappella.com.ar\/wp-content\/uploads\/2023\/11\/mapa-1024x576.jpg 1024w, https:\/\/lacappella.com.ar\/wp-content\/uploads\/2023\/11\/mapa-300x169.jpg 300w, https:\/\/lacappella.com.ar\/wp-content\/uploads\/2023\/11\/mapa-768x432.jpg 768w, https:\/\/lacappella.com.ar\/wp-content\/uploads\/2023\/11\/mapa.jpg 1436w\" sizes=\"auto, (max-width: 1024px) 100vw, 1024px\" \/><\/figure>\n<\/div>","protected":false},"excerpt":{"rendered":"<p>Saliendo de la Ciudad de Mar del Plata, por Av. Pedro Luro, que luego se convierte en la Ruta 226, en el kil\u00f3metro 16 se accede a la rotonda que da acceso a la Sierra de los Padres. Por Calle Varetto se llega hasta el arco de ingreso al barrio. Luego de all\u00ed hay diversos&#8230;<\/p>\n","protected":false},"author":1,"featured_media":0,"parent":0,"menu_order":0,"comment_status":"closed","ping_status":"closed","template":"","meta":{"_kad_post_transparent":"","_kad_post_title":"","_kad_post_layout":"","_kad_post_sidebar_id":"","_kad_post_content_style":"","_kad_post_vertical_padding":"","_kad_post_feature":"","_kad_post_feature_position":"","_kad_post_header":false,"_kad_post_footer":false,"_kad_post_classname":"","footnotes":""},"class_list":["post-202","page","type-page","status-publish","hentry"],"aioseo_notices":[],"_links":{"self":[{"href":"https:\/\/lacappella.com.ar\/index.php\/wp-json\/wp\/v2\/pages\/202","targetHints":{"allow":["GET"]}}],"collection":[{"href":"https:\/\/lacappella.com.ar\/index.php\/wp-json\/wp\/v2\/pages"}],"about":[{"href":"https:\/\/lacappella.com.ar\/index.php\/wp-json\/wp\/v2\/types\/page"}],"author":[{"embeddable":true,"href":"https:\/\/lacappella.com.ar\/index.php\/wp-json\/wp\/v2\/users\/1"}],"replies":[{"embeddable":true,"href":"https:\/\/lacappella.com.ar\/index.php\/wp-json\/wp\/v2\/comments?post=202"}],"version-history":[{"count":2,"href":"https:\/\/lacappella.com.ar\/index.php\/wp-json\/wp\/v2\/pages\/202\/revisions"}],"predecessor-version":[{"id":205,"href":"https:\/\/lacappella.com.ar\/index.php\/wp-json\/wp\/v2\/pages\/202\/revisions\/205"}],"wp:attachment":[{"href":"https:\/\/lacappella.com.ar\/index.php\/wp-json\/wp\/v2\/media?parent=202"}],"curies":[{"name":"wp","href":"https:\/\/api.w.org\/{rel}","templated":true}]}}